{"id":3,"date":"2025-06-24T19:22:15","date_gmt":"2025-06-24T19:22:15","guid":{"rendered":"http:\/\/museodelaorquidea.com\/?page_id=3"},"modified":"2025-07-28T02:46:01","modified_gmt":"2025-07-28T08:46:01","slug":"aviso-de-privacidad","status":"publish","type":"page","link":"https:\/\/museodelaorquidea.com\/en\/aviso-de-privacidad\/","title":{"rendered":"Privacy Notice"},"content":{"rendered":"<div data-elementor-type=\"wp-page\" data-elementor-id=\"3\" class=\"elementor elementor-3\" data-elementor-post-type=\"page\">\n\t\t\t\t<div class=\"elementor-element elementor-element-6dd88fd3 e-flex e-con-boxed e-con e-parent\" data-id=\"6dd88fd3\" data-element_type=\"container\" data-e-type=\"container\">\n\t\t\t\t\t<div class=\"e-con-inner\">\n\t\t\t\t<div class=\"elementor-element elementor-element-c298f4d elementor-widget elementor-widget-text-editor\" data-id=\"c298f4d\" data-element_type=\"widget\" data-e-type=\"widget\" data-widget_type=\"text-editor.default\">\n\t\t\t\t\t\t\t\t\t<p>Museo de la Orqu\u00eddea Dr. Isa\u00edas Contreras Ju\u00e1rez is responsible for handling the personal data you provide, which will be used for the following purposes:<\/p><ol><li>Visit registration.<\/li><li>Generating internal reports and statistics on gender, age, and place of origin.<\/li><li>Sending information, advertising, and promotional materials.<\/li><li>Establishing communication for follow-up and clarification regarding your data.<\/li><\/ol><p><br \/>Additionally, your personal information will be used for the following purposes, which are not essential but allow for better service from the organizers: a) Sending exhibition or support materials; b) Invitations to future events. If you do not wish your personal data to be used for these additional purposes, you may express this by emailing infomuseoorquidea@gmail.com.<\/p><p>Museo de la Orqu\u00eddea Dr, Isa\u00edas Contreras Ju\u00e1rez also informs you that photographs, videos, and audio recordings taken during events may be used for promotional purposes on social media, websites, and other digital or printed media. If you do not wish to be included in such materials, please send an email to infomuseoorquidea@gmail.com.<\/p>\t\t\t\t\t\t\t\t<\/div>\n\t\t\t\t<div class=\"elementor-element elementor-element-64c01e8 elementor-widget elementor-widget-heading\" data-id=\"64c01e8\" data-element_type=\"widget\" data-e-type=\"widget\" data-widget_type=\"heading.default\">\n\t\t\t\t\t<h2 class=\"elementor-heading-title elementor-size-default\">Privacy Notice Updates<\/h2>\t\t\t\t<\/div>\n\t\t\t\t<div class=\"elementor-element elementor-element-74ceb78 elementor-widget elementor-widget-text-editor\" data-id=\"74ceb78\" data-element_type=\"widget\" data-e-type=\"widget\" data-widget_type=\"text-editor.default\">\n\t\t\t\t\t\t\t\t\t<p>If this privacy notice is modified, notification will be provided through this portal.<\/p><p>These privacy policies are part of the use of this website and, consequently, any use of the services offered by the digital platform of Museo de la Orqu\u00eddea implies that the user has read, understood, and accepted the terms stated above.<\/p>\t\t\t\t\t\t\t\t<\/div>\n\t\t\t\t\t<\/div>\n\t\t\t\t<\/div>\n\t\t\t\t<\/div>","protected":false},"excerpt":{"rendered":"<p>El Museo de la Orqu\u00eddea Dr. Isa\u00edas Contreras Ju\u00e1rez, es el responsable de tratamiento de los datos personales que usted proporciona, los cuales ser\u00e1n utilizados para las siguientes finalidades: Registro de visita. Generar estad\u00edsticas sobre sexo, edad y lugar de vista para informes internos. Env\u00edo de informaci\u00f3n, publicidad y promoci\u00f3n. Establecer comunicaci\u00f3n para dar seguimiento, [&hellip;]<\/p>","protected":false},"author":1,"featured_media":0,"parent":0,"menu_order":0,"comment_status":"closed","ping_status":"closed","template":"elementor_header_footer","meta":{"_acf_changed":false,"footnotes":""},"class_list":["post-3","page","type-page","status-publish","hentry"],"acf":[],"_links":{"self":[{"href":"https:\/\/museodelaorquidea.com\/en\/wp-json\/wp\/v2\/pages\/3","targetHints":{"allow":["GET"]}}],"collection":[{"href":"https:\/\/museodelaorquidea.com\/en\/wp-json\/wp\/v2\/pages"}],"about":[{"href":"https:\/\/museodelaorquidea.com\/en\/wp-json\/wp\/v2\/types\/page"}],"author":[{"embeddable":true,"href":"https:\/\/museodelaorquidea.com\/en\/wp-json\/wp\/v2\/users\/1"}],"replies":[{"embeddable":true,"href":"https:\/\/museodelaorquidea.com\/en\/wp-json\/wp\/v2\/comments?post=3"}],"version-history":[{"count":27,"href":"https:\/\/museodelaorquidea.com\/en\/wp-json\/wp\/v2\/pages\/3\/revisions"}],"predecessor-version":[{"id":1193,"href":"https:\/\/museodelaorquidea.com\/en\/wp-json\/wp\/v2\/pages\/3\/revisions\/1193"}],"wp:attachment":[{"href":"https:\/\/museodelaorquidea.com\/en\/wp-json\/wp\/v2\/media?parent=3"}],"curies":[{"name":"wp","href":"https:\/\/api.w.org\/{rel}","templated":true}]}}